{"id":2,"date":"2015-09-18T20:44:32","date_gmt":"2015-09-18T20:44:32","guid":{"rendered":"http:\/\/en.ciaqui.com.pe\/?page_id=2"},"modified":"2016-01-25T18:51:35","modified_gmt":"2016-01-25T18:51:35","slug":"sample-page","status":"publish","type":"page","link":"https:\/\/ciaqui.com.pe\/en\/","title":{"rendered":"Home"},"content":{"rendered":"<div class=\"wpb-content-wrapper\"><p>[vc_row row_type=&#8221;row&#8221; use_row_as_full_screen_section=&#8221;no&#8221; type=&#8221;full_width&#8221; anchor=&#8221;&#8221; in_content_menu=&#8221;&#8221; content_menu_title=&#8221;&#8221; icon_pack=&#8221;font_awesome&#8221; content_menu_fa_icon=&#8221;&#8221; content_menu_fe_icon=&#8221;arrow_back&#8221; text_align=&#8221;left&#8221; video=&#8221;&#8221; video_overlay=&#8221;&#8221; video_overlay_image=&#8221;&#8221; video_webm=&#8221;&#8221; video_mp4=&#8221;&#8221; video_ogv=&#8221;&#8221; video_image=&#8221;&#8221; background_image=&#8221;&#8221; pattern_background=&#8221;&#8221; section_height=&#8221;&#8221; parallax_speed=&#8221;&#8221; background_color=&#8221;&#8221; border_color=&#8221;&#8221; side_padding=&#8221;&#8221; padding_top=&#8221;&#8221; padding_bottom=&#8221;&#8221; color=&#8221;&#8221; hover_color=&#8221;&#8221; more_button_label=&#8221;&#8221; less_button_label=&#8221;&#8221; button_position=&#8221;&#8221; css_animation=&#8221;&#8221; transition_delay=&#8221;&#8221;][vc_column width=&#8221;1\/1&#8243; css=&#8221;.vc_custom_1446750262472{padding-bottom: 35px !important;}&#8221;]<br \/>\n[\/vc_column][\/vc_row][vc_row row_type=&#8221;row&#8221; use_row_as_full_screen_section=&#8221;no&#8221; type=&#8221;full_width&#8221; in_content_menu=&#8221;&#8221; icon_pack=&#8221;font_awesome&#8221; content_menu_fe_icon=&#8221;arrow_back&#8221; text_align=&#8221;center&#8221; pattern_background=&#8221;&#8221; section_height=&#8221;280&#8243; css=&#8221;.vc_custom_1446842020927{background-color: #dadada !important;}&#8221; background_color=&#8221;#dadada&#8221; el_class=&#8221;home-mensaje&#8221;][vc_column width=&#8221;1\/1&#8243;][vc_custom_heading text=&#8221;&#8220;Compa\u00f1\u00eda Qu\u00edmica is an industrial group with more than 40 years of experience in the manufacturing of chemical products for different industries.&#8221; font_container=&#8221;tag:p|font_size:18|text_align:center|color:%23353535&#8243; google_fonts=&#8221;font_family:Raleway%3A100%2C200%2C300%2Cregular%2C500%2C600%2C700%2C800%2C900|font_style:700%20bold%20regular%3A700%3Anormal&#8221; css=&#8221;.vc_custom_1446829716835{padding-top: 15px !important;padding-bottom: 15px !important;}&#8221;][\/vc_column][\/vc_row][vc_row row_type=&#8221;row&#8221; use_row_as_full_screen_section=&#8221;no&#8221; type=&#8221;full_width&#8221; anchor=&#8221;&#8221; in_content_menu=&#8221;&#8221; content_menu_title=&#8221;&#8221; icon_pack=&#8221;font_awesome&#8221; content_menu_fa_icon=&#8221;&#8221; content_menu_fe_icon=&#8221;arrow_back&#8221; text_align=&#8221;left&#8221; video=&#8221;&#8221; video_overlay=&#8221;&#8221; video_overlay_image=&#8221;&#8221; video_webm=&#8221;&#8221; video_mp4=&#8221;&#8221; video_ogv=&#8221;&#8221; video_image=&#8221;&#8221; background_image=&#8221;&#8221; pattern_background=&#8221;&#8221; section_height=&#8221;&#8221; parallax_speed=&#8221;&#8221; background_color=&#8221;&#8221; border_color=&#8221;&#8221; side_padding=&#8221;&#8221; padding_top=&#8221;&#8221; padding_bottom=&#8221;&#8221; color=&#8221;&#8221; hover_color=&#8221;&#8221; more_button_label=&#8221;&#8221; less_button_label=&#8221;&#8221; button_position=&#8221;&#8221; css_animation=&#8221;&#8221; transition_delay=&#8221;&#8221;][vc_column width=&#8221;1\/1&#8243;][vc_empty_space height=&#8221;32px&#8221;][\/vc_column][\/vc_row][vc_row row_type=&#8221;row&#8221; type=&#8221;grid&#8221; icon_pack=&#8221;font_awesome&#8221; content_menu_fe_icon=&#8221;arrow_back&#8221; text_align=&#8221;left&#8221; padding_top=&#8221;10&#8243; padding_bottom=&#8221;60&#8243; background_color=&#8221;#ffffff&#8221; use_row_as_full_screen_section=&#8221;no&#8221; in_content_menu=&#8221;&#8221; pattern_background=&#8221;&#8221; css=&#8221;.vc_custom_1446845257710{background-color: #ffffff !important;}&#8221; el_id=&#8221;home-caja&#8221;][vc_column width=&#8221;1\/2&#8243; el_class=&#8221;cajas-home&#8221;][vc_custom_heading text=&#8221;Sustainability&#8221; font_container=&#8221;tag:p|text_align:left|color:%23ff0001&#8243; google_fonts=&#8221;font_family:Raleway%3A100%2C200%2C300%2Cregular%2C500%2C600%2C700%2C800%2C900|font_style:600%20bold%20regular%3A600%3Anormal&#8221;][vc_single_image image=&#8221;287&#8243; alignment=&#8221;center&#8221; border_color=&#8221;grey&#8221; img_link_large=&#8221;&#8221; img_link_target=&#8221;_self&#8221; img_size=&#8221;full&#8221; link=&#8221;http:\/\/ciaqui.com.pe\/sustentabilidad\/&#8221;][vc_column_text]<\/p>\n<p>We are committed to the principles of responsible care: sustainable development, safe and environmentally friendly production processes as well as protection of people and environment are therefore key corporate goals&#8230;\u00a0<a class=\"internal-link-new-window\" href=\"http:\/\/ciaqui.com.pe\/en\/about-us\/sustainability\/\">Read more<\/a><\/p>\n<p>[\/vc_column_text][\/vc_column][vc_column width=&#8221;1\/2&#8243; el_class=&#8221;cajas-home&#8221;][vc_custom_heading text=&#8221;Products&#8221; font_container=&#8221;tag:p|text_align:left|color:%23ff0001&#8243; google_fonts=&#8221;font_family:Raleway%3A100%2C200%2C300%2Cregular%2C500%2C600%2C700%2C800%2C900|font_style:600%20bold%20regular%3A600%3Anormal&#8221;][vc_single_image image=&#8221;285&#8243; alignment=&#8221;center&#8221; border_color=&#8221;grey&#8221; img_link_large=&#8221;&#8221; img_link_target=&#8221;_self&#8221; img_size=&#8221;full&#8221; link=&#8221;http:\/\/ciaqui.com.pe\/sustentabilidad\/&#8221;][vc_column_text]<\/p>\n<p>We produce a wide range of additives for the processing of plastics, rubbers, lubricants, medicines and cosmetics, food, paints, adhesives, inks, papers, waxes&#8230; <a href=\"http:\/\/ciaqui.com.pe\/en\/productos\/\">Read more<\/a><\/p>\n<p>[\/vc_column_text][\/vc_column][\/vc_row][vc_row row_type=&#8221;row&#8221; use_row_as_full_screen_section=&#8221;no&#8221; type=&#8221;grid&#8221; in_content_menu=&#8221;&#8221; icon_pack=&#8221;font_awesome&#8221; content_menu_fe_icon=&#8221;arrow_back&#8221; text_align=&#8221;left&#8221; pattern_background=&#8221;&#8221; background_color=&#8221;#ffffff&#8221; padding_top=&#8221;10&#8243; padding_bottom=&#8221;60&#8243; css=&#8221;.vc_custom_1446845274224{background-color: #ffffff !important;}&#8221; el_id=&#8221;home-caja&#8221;][vc_column width=&#8221;1\/2&#8243; el_class=&#8221;cajas-home&#8221;][vc_custom_heading text=&#8221;Partners&#8221; font_container=&#8221;tag:p|text_align:left|color:%23ff0001&#8243; google_fonts=&#8221;font_family:Raleway%3A100%2C200%2C300%2Cregular%2C500%2C600%2C700%2C800%2C900|font_style:600%20bold%20regular%3A600%3Anormal&#8221;][vc_single_image image=&#8221;284&#8243; alignment=&#8221;center&#8221; border_color=&#8221;grey&#8221; img_link_large=&#8221;&#8221; img_link_target=&#8221;_self&#8221; img_size=&#8221;full&#8221; link=&#8221;http:\/\/ciaqui.com.pe\/sustentabilidad\/&#8221;][vc_column_text]<\/p>\n<p>Compa\u00f1\u00eda Qu\u00edmica is part of the Baerlocher Group of Companies. In Europe and Asia, South America and the United States or at the company\u2019s headquarters in Germany, Baerlocher operates as a global player with its research laboratories and production facilities around the world&#8230; <a class=\"internal-link-new-window\" href=\"http:\/\/ciaqui.com.pe\/en\/partners\/\">Read more<\/a><\/p>\n<p>[\/vc_column_text][\/vc_column][vc_column width=&#8221;1\/2&#8243; el_class=&#8221;cajas-home&#8221;][vc_custom_heading text=&#8221;R + D&#8221; font_container=&#8221;tag:p|text_align:left|color:%23ff0001&#8243; google_fonts=&#8221;font_family:Raleway%3A100%2C200%2C300%2Cregular%2C500%2C600%2C700%2C800%2C900|font_style:600%20bold%20regular%3A600%3Anormal&#8221;][vc_single_image image=&#8221;277&#8243; alignment=&#8221;center&#8221; border_color=&#8221;grey&#8221; img_link_large=&#8221;&#8221; img_link_target=&#8221;_self&#8221; img_size=&#8221;full&#8221; link=&#8221;http:\/\/ciaqui.com.pe\/sustentabilidad\/&#8221;][vc_column_text]<\/p>\n<p>Innovation, creativity and constant adjustment to the rules and regulations which govern the launch of our products on the market are the fundamentals underlying our cutting-edge position&#8230; <a class=\"internal-link-new-window\" href=\"http:\/\/ciaqui.com.pe\/en\/about-us\/r-d\/\">Read more<\/a><\/p>\n<p>[\/vc_column_text][\/vc_column][\/vc_row]<\/p>\n<\/div>","protected":false},"excerpt":{"rendered":"<p>[vc_row row_type=&#8221;row&#8221; use_row_as_full_screen_section=&#8221;no&#8221; type=&#8221;full_width&#8221; anchor=&#8221;&#8221; in_content_menu=&#8221;&#8221; content_menu_title=&#8221;&#8221; icon_pack=&#8221;font_awesome&#8221; content_menu_fa_icon=&#8221;&#8221; content_menu_fe_icon=&#8221;arrow_back&#8221; text_align=&#8221;left&#8221; video=&#8221;&#8221; video_overlay=&#8221;&#8221; video_overlay_image=&#8221;&#8221; video_webm=&#8221;&#8221; video_mp4=&#8221;&#8221; video_ogv=&#8221;&#8221; video_image=&#8221;&#8221; background_image=&#8221;&#8221; pattern_background=&#8221;&#8221; section_height=&#8221;&#8221; parallax_speed=&#8221;&#8221; background_color=&#8221;&#8221; border_color=&#8221;&#8221; side_padding=&#8221;&#8221; padding_top=&#8221;&#8221; padding_bottom=&#8221;&#8221; color=&#8221;&#8221; hover_color=&#8221;&#8221; more_button_label=&#8221;&#8221; less_button_label=&#8221;&#8221; button_position=&#8221;&#8221; css_animation=&#8221;&#8221; transition_delay=&#8221;&#8221;][vc_column width=&#8221;1\/1&#8243; css=&#8221;.vc_custom_1446750262472{padding-bottom: 35px !important;}&#8221;] [\/vc_column][\/vc_row][vc_row row_type=&#8221;row&#8221; use_row_as_full_screen_section=&#8221;no&#8221; type=&#8221;full_width&#8221; in_content_menu=&#8221;&#8221; icon_pack=&#8221;font_awesome&#8221; content_menu_fe_icon=&#8221;arrow_back&#8221;&#8230;<\/p>\n","protected":false},"author":1,"featured_media":0,"parent":0,"menu_order":0,"comment_status":"closed","ping_status":"open","template":"","meta":{"footnotes":""},"class_list":["post-2","page","type-page","status-publish","hentry"],"_links":{"self":[{"href":"https:\/\/ciaqui.com.pe\/en\/wp-json\/wp\/v2\/pages\/2","targetHints":{"allow":["GET"]}}],"collection":[{"href":"https:\/\/ciaqui.com.pe\/en\/wp-json\/wp\/v2\/pages"}],"about":[{"href":"https:\/\/ciaqui.com.pe\/en\/wp-json\/wp\/v2\/types\/page"}],"author":[{"embeddable":true,"href":"https:\/\/ciaqui.com.pe\/en\/wp-json\/wp\/v2\/users\/1"}],"replies":[{"embeddable":true,"href":"https:\/\/ciaqui.com.pe\/en\/wp-json\/wp\/v2\/comments?post=2"}],"version-history":[{"count":82,"href":"https:\/\/ciaqui.com.pe\/en\/wp-json\/wp\/v2\/pages\/2\/revisions"}],"predecessor-version":[{"id":333,"href":"https:\/\/ciaqui.com.pe\/en\/wp-json\/wp\/v2\/pages\/2\/revisions\/333"}],"wp:attachment":[{"href":"https:\/\/ciaqui.com.pe\/en\/wp-json\/wp\/v2\/media?parent=2"}],"curies":[{"name":"wp","href":"https:\/\/api.w.org\/{rel}","templated":true}]}}